{"id":1135,"date":"2021-03-01T02:45:34","date_gmt":"2021-02-28T19:45:34","guid":{"rendered":"http:\/\/lotushotel.vn\/?page_id=1135"},"modified":"2023-07-27T13:31:56","modified_gmt":"2023-07-27T06:31:56","slug":"phong-deluxe-apartment","status":"publish","type":"page","link":"https:\/\/lotushotel.vn\/en\/phong-deluxe-apartment\/","title":{"rendered":"Deluxe Apartment Room"},"content":{"rendered":"<section class=\"section\" id=\"section_1862435376\">\n\t\t<div class=\"bg section-bg fill bg-fill  bg-loaded\" >\n\n\t\t\t\n\t\t\t\n\t\t\t\n\n\t\t<\/div>\n\n\t\t<div class=\"section-content relative\">\n\t\t\t\n<div class=\"slider-wrapper relative\" id=\"slider-1488516347\" >\n    <div class=\"slider slider-nav-circle slider-nav-large slider-nav-light slider-style-normal\"\n        data-flickity-options='{            \"cellAlign\": \"center\",            \"imagesLoaded\": true,            \"lazyLoad\": 1,            \"freeScroll\": false,            \"wrapAround\": true,            \"autoPlay\": 6000,            \"pauseAutoPlayOnHover\" : true,            \"prevNextButtons\": true,            \"contain\" : true,            \"adaptiveHeight\" : true,            \"dragThreshold\" : 10,            \"percentPosition\": true,            \"pageDots\": true,            \"rightToLeft\": false,            \"draggable\": true,            \"selectedAttraction\": 0.1,            \"parallax\" : 0,            \"friction\": 0.6        }'\n        >\n        \n\n  <div class=\"banner has-hover\" id=\"banner-1892359781\">\n          <div class=\"banner-inner fill\">\n        <div class=\"banner-bg fill\" >\n            <div class=\"bg fill bg-fill\"><\/div>\n                                    \n                    <\/div>\n        <div class=\"banner-layers container\">\n            <div class=\"fill banner-link\"><\/div>            \n   <div id=\"text-box-98706645\" class=\"text-box banner-layer x50 md-x50 lg-x50 y35 md-y35 lg-y35 res-text\">\n                     <div data-animate=\"fadeInLeft\">           <div class=\"text dark\">\n              \n              <div class=\"text-inner text-center\">\n                  \n<h1 class=\"uppercase\"><span style=\"font-size: 80%;\">Deluxe Apartment Room<\/span><\/h1>\n              <\/div>\n           <\/div>\n       <\/div>                     \n<style>\n#text-box-98706645 {\n  width: 86%;\n}\n#text-box-98706645 .text {\n  font-size: 100%;\n}\n<\/style>\n    <\/div>\n \n   <div id=\"text-box-332138772\" class=\"text-box banner-layer x50 md-x50 lg-x50 y50 md-y50 lg-y50 res-text\">\n                     <div data-animate=\"fadeInRight\">           <div class=\"text dark\">\n              \n              <div class=\"text-inner text-center\">\n                  \n<p><span style=\"font-size: 140%;\"><strong>ENJOY SPANNING VIEWS OF THE CITY<\/strong><\/span><\/p>\n              <\/div>\n           <\/div>\n       <\/div>                     \n<style>\n#text-box-332138772 {\n  width: 86%;\n}\n#text-box-332138772 .text {\n  font-size: 100%;\n}\n<\/style>\n    <\/div>\n \n   <div id=\"text-box-183188802\" class=\"text-box banner-layer x50 md-x50 lg-x50 y65 md-y65 lg-y65 res-text\">\n                     <div data-animate=\"fadeInUp\">           <div class=\"text dark\">\n              \n              <div class=\"text-inner text-center\">\n                  \n<a href=\"#dat-phong\" target=\"_self\" class=\"button white is-outline\"  >\n    <span>BOOK ROOM<\/span>\n  <\/a>\n\n<a href=\"tel:+84902056389\" target=\"_self\" class=\"button white is-outline\"  >\n  <i class=\"icon-phone\" ><\/i>  <span>ADVISE<\/span>\n  <\/a>\n\n              <\/div>\n           <\/div>\n       <\/div>                     \n<style>\n#text-box-183188802 {\n  width: 86%;\n}\n#text-box-183188802 .text {\n  font-size: 100%;\n}\n<\/style>\n    <\/div>\n \n        <\/div>\n      <\/div>\n\n            \n<style>\n#banner-1892359781 {\n  padding-top: 650px;\n}\n#banner-1892359781 .bg.bg-loaded {\n  background-image: url(https:\/\/lotushotel.vn\/wp-content\/uploads\/2021\/03\/banner-phong-deluxe-apartment.jpg);\n}\n<\/style>\n  <\/div>\n\n\n     <\/div>\n\n     <div class=\"loading-spin dark large centered\"><\/div>\n\n     <\/div>\n\n\n\t\t<\/div>\n\n\t\t\n<style>\n#section_1862435376 {\n  padding-top: 0px;\n  padding-bottom: 0px;\n}\n<\/style>\n\t<\/section>\n\t\n\t<section class=\"section\" id=\"section_587546633\">\n\t\t<div class=\"bg section-bg fill bg-fill  bg-loaded\" >\n\n\t\t\t\n\t\t\t\n\t\t\t\n\n\t\t<\/div>\n\n\t\t<div class=\"section-content relative\">\n\t\t\t\n<div class=\"row row-full-width align-middle align-center\"  id=\"row-361453480\">\n\n\t<div id=\"col-690930457\" class=\"col medium-5 small-12 large-5\"  >\n\t\t<div class=\"col-inner\"  >\n\t\t\t\n\t\t\t\n\t<div class=\"img has-hover x md-x lg-x y md-y lg-y\" id=\"image_1355182148\">\n\t\t\t\t\t\t\t\t<div class=\"img-inner dark\" >\n\t\t\t<img loading=\"lazy\" decoding=\"async\" width=\"510\" height=\"340\" src=\"https:\/\/lotushotel.vn\/wp-content\/uploads\/2021\/03\/thong-tin-phong-deluxe-apartment.jpg\" class=\"attachment-original size-original\" alt=\"Th\u00f4ng tin ph\u00f2ng Deluxe Apartment\" srcset=\"https:\/\/lotushotel.vn\/wp-content\/uploads\/2021\/03\/thong-tin-phong-deluxe-apartment.jpg 510w, https:\/\/lotushotel.vn\/wp-content\/uploads\/2021\/03\/thong-tin-phong-deluxe-apartment-300x200.jpg 300w\" sizes=\"auto, (max-width: 510px) 100vw, 510px\" \/>\t\t\t\t\t\t\n\t\t\t\t\t<\/div>\n\t\t\t\t\t\t\t\t\n<style>\n#image_1355182148 {\n  width: 100%;\n}\n<\/style>\n\t<\/div>\n\t\n\t\t<\/div>\n\t\t\t<\/div>\n\n\t\n\n\t<div id=\"col-2068466906\" class=\"col medium-5 small-12 large-5\"  >\n\t\t<div class=\"col-inner\"  >\n\t\t\t\n\t\t\t\n<div class=\"container section-title-container\" ><h2 class=\"section-title section-title-center\"><b><\/b><span class=\"section-title-main\" >Room Overview<\/span><b><\/b><\/h2><\/div>\n<ul>\n<li><span style=\"font-size: 140%; color: #ed1c24;\"><strong>Price: <a href=\"tel:+84902056389\">Contact<\/a><\/strong><\/span><\/li>\n<li>Area: 33 m2<\/li>\n<li>View direction: City<\/li>\n<li>Bed: 01 Queen Bed (1.6 * 2m)<\/li>\n<li>Non-smoking rooms<\/li>\n<li>For: 2 Adults<\/li>\n<li>Bathroom: Standing shower<\/li>\n<li>Call Hotline now\u00a0<span style=\"color: #ff0000;\"><a style=\"color: #ff0000;\" href=\"tel:+84902056389\"><strong>0902 056 389<\/strong><\/a><\/span> To get the best price<\/li>\n<\/ul>\n<a href=\"#dat-phong\" target=\"_self\" class=\"button primary is-outline\"  >\n  <i class=\"icon-heart\" ><\/i>  <span>BOOK NOW<\/span>\n  <\/a>\n\n\t\t<\/div>\n\t\t\t<\/div>\n\n\t\n<\/div>\n<div class=\"row\"  id=\"row-1296926643\">\n\n\t<div id=\"col-1659270573\" class=\"col small-12 large-12\"  >\n\t\t<div class=\"col-inner\"  >\n\t\t\t\n\t\t\t\n<p>No matter which Suite room at the Purple Lotus Hotel, customers can enjoy panoramic views of the city. By using the fresh air supply system, Purple Lotus hotel ensures to bring customers cool air close to nature and comfortable moments of rest.<\/p>\n<p><img loading=\"lazy\" decoding=\"async\" class=\"aligncenter wp-image-233 size-full\" src=\"http:\/\/lotushotel.vn\/wp-content\/uploads\/2021\/01\/phong-khach-deluxe-apartment-nhin-tu-ngoai.jpg\" sizes=\"auto, (max-width: 800px) 100vw, 800px\" srcset=\"https:\/\/lotushotel.vn\/wp-content\/uploads\/2021\/01\/phong-khach-deluxe-apartment-nhin-tu-ngoai.jpg 800w, https:\/\/lotushotel.vn\/wp-content\/uploads\/2021\/01\/xphong-khach-deluxe-apartment-nhin-tu-ngoai-300x200.jpg.pagespeed.ic.NZ10_yoZzU.webp 300w, https:\/\/lotushotel.vn\/wp-content\/uploads\/2021\/01\/phong-khach-deluxe-apartment-nhin-tu-ngoai-768x513.jpg 768w, https:\/\/lotushotel.vn\/wp-content\/uploads\/2021\/01\/phong-khach-deluxe-apartment-nhin-tu-ngoai-600x401.jpg 600w\" alt=\"Ph\u00f2ng kh\u00e1ch Deluxe Apartment nh\u00ecn t\u1eeb ngo\u00e0i\" width=\"800\" height=\"534\" data-pagespeed-url-hash=\"184814722\" \/><\/p>\n<h3 style=\"text-align: center;\"><span style=\"font-size: 80%;\"><em>Deluxe Apartment living room viewed from outside<\/em><\/span><\/h3>\n<h2>Highlights of the Deluxe Apartment room<\/h2>\n<ul>\n<li>There is a separate bedroom and living room<\/li>\n<li>There are large windows<\/li>\n<li>There is a desk<\/li>\n<li>There are sofas and stylish tea tables<\/li>\n<li>Modern kitchen system<\/li>\n<li>There is a dining table for 2 people<\/li>\n<\/ul>\n<p><img loading=\"lazy\" decoding=\"async\" class=\"aligncenter size-full wp-image-234\" src=\"http:\/\/lotushotel.vn\/wp-content\/uploads\/2021\/01\/phong-khach-deluxe-apartment-nhin-tu-trong.jpg\" sizes=\"auto, (max-width: 800px) 100vw, 800px\" srcset=\"https:\/\/lotushotel.vn\/wp-content\/uploads\/2021\/01\/phong-khach-deluxe-apartment-nhin-tu-trong.jpg 800w, https:\/\/lotushotel.vn\/wp-content\/uploads\/2021\/01\/xphong-khach-deluxe-apartment-nhin-tu-trong-300x200.jpg.pagespeed.ic.rpltzk1lV7.webp 300w, https:\/\/lotushotel.vn\/wp-content\/uploads\/2021\/01\/phong-khach-deluxe-apartment-nhin-tu-trong-768x513.jpg 768w, https:\/\/lotushotel.vn\/wp-content\/uploads\/2021\/01\/phong-khach-deluxe-apartment-nhin-tu-trong-600x401.jpg 600w\" alt=\"Ph\u00f2ng kh\u00e1ch Deluxe Apartment nh\u00ecn t\u1eeb trong\" width=\"800\" height=\"534\" data-pagespeed-url-hash=\"1701271286\" \/><\/p>\n<h3 style=\"text-align: center;\"><span style=\"font-size: 80%;\"><em>Deluxe Apartment living room viewed from inside<\/em><\/span><\/h3>\n<h2>Technology of Deluxe Apartment room<\/h2>\n<ul>\n<li>Smart TV 45 inches<\/li>\n<li>Mini speaker with bluetooth connection<\/li>\n<li>Free internet and wifi access<\/li>\n<li>Refrigerator and Minibar<\/li>\n<li>Electronic safe<\/li>\n<li>Electronic scale<\/li>\n<li>2-way inverter air conditioner<\/li>\n<li>Automatic fire alarm system<\/li>\n<li>Fresh air supply system<\/li>\n<\/ul>\n<p><img loading=\"lazy\" decoding=\"async\" src=\"https:\/\/lotushotel.vn\/wp-content\/uploads\/2023\/07\/z4548532019008_e4c02ad5d87920d196368180cc78d007.jpg\" alt=\"\" width=\"1920\" height=\"1282\" class=\"aligncenter size-full wp-image-1746\" srcset=\"https:\/\/lotushotel.vn\/wp-content\/uploads\/2023\/07\/z4548532019008_e4c02ad5d87920d196368180cc78d007.jpg 1920w, https:\/\/lotushotel.vn\/wp-content\/uploads\/2023\/07\/z4548532019008_e4c02ad5d87920d196368180cc78d007-510x341.jpg 510w, https:\/\/lotushotel.vn\/wp-content\/uploads\/2023\/07\/z4548532019008_e4c02ad5d87920d196368180cc78d007-300x200.jpg 300w, https:\/\/lotushotel.vn\/wp-content\/uploads\/2023\/07\/z4548532019008_e4c02ad5d87920d196368180cc78d007-1024x684.jpg 1024w, https:\/\/lotushotel.vn\/wp-content\/uploads\/2023\/07\/z4548532019008_e4c02ad5d87920d196368180cc78d007-768x513.jpg 768w, https:\/\/lotushotel.vn\/wp-content\/uploads\/2023\/07\/z4548532019008_e4c02ad5d87920d196368180cc78d007-1536x1026.jpg 1536w, https:\/\/lotushotel.vn\/wp-content\/uploads\/2023\/07\/z4548532019008_e4c02ad5d87920d196368180cc78d007-600x401.jpg 600w\" sizes=\"auto, (max-width: 1920px) 100vw, 1920px\" \/><\/p>\n<h3 style=\"text-align: center;\"><span style=\"font-size: 80%;\"><em>Deluxe Apartment bedroom<\/em><\/span><\/h3>\n<h2>Bed &amp; Bath Deluxe Apartment<\/h2>\n<ul>\n<li>1 Queen bed (1.6*2m)<\/li>\n<li>Lamp<\/li>\n<li>Shower room<\/li>\n<li>Bathrobe<\/li>\n<li>Wardrobe<\/li>\n<li>Iron and ironing board<\/li>\n<li>Hairdryer<\/li>\n<li>Shaver socket (220 V)<\/li>\n<li>Luxury toiletries<\/li>\n<li>Make-up mirror<\/li>\n<\/ul>\n<p><img loading=\"lazy\" decoding=\"async\" class=\"aligncenter size-full wp-image-236\" src=\"http:\/\/lotushotel.vn\/wp-content\/uploads\/2021\/01\/phong-tam-deluxe-apartment.jpg\" sizes=\"auto, (max-width: 800px) 100vw, 800px\" srcset=\"https:\/\/lotushotel.vn\/wp-content\/uploads\/2021\/01\/phong-tam-deluxe-apartment.jpg 800w, https:\/\/lotushotel.vn\/wp-content\/uploads\/2021\/01\/phong-tam-deluxe-apartment-300x200.jpg 300w, https:\/\/lotushotel.vn\/wp-content\/uploads\/2021\/01\/phong-tam-deluxe-apartment-768x513.jpg 768w, https:\/\/lotushotel.vn\/wp-content\/uploads\/2021\/01\/phong-tam-deluxe-apartment-600x401.jpg 600w\" alt=\"Ph\u00f2ng t\u1eafm Deluxe Apartment\" width=\"800\" height=\"534\" data-pagespeed-url-hash=\"4193954212\" \/><\/p>\n<h3 style=\"text-align: center;\"><span style=\"font-size: 80%;\"><em>Deluxe Apartment Room<\/em><\/span><\/h3>\n<h2>Included services of Deluxe Apartment room<\/h2>\n<ul>\n<li>Welcome drink and wet towel<\/li>\n<li>Tea bags, brewed coffee, sugar, Aquafina water<\/li>\n<li>Free buffet breakfast<\/li>\n<li>Daily housekeeping service<\/li>\n<li>Free use of the Gym (open 24\/7)<\/li>\n<\/ul>\n<p><img loading=\"lazy\" decoding=\"async\" class=\"aligncenter size-full wp-image-237\" src=\"http:\/\/lotushotel.vn\/wp-content\/uploads\/2021\/01\/phong-khach-deluxe-apartment-nhin-cheo.jpg\" sizes=\"auto, (max-width: 800px) 100vw, 800px\" srcset=\"https:\/\/lotushotel.vn\/wp-content\/uploads\/2021\/01\/phong-khach-deluxe-apartment-nhin-cheo.jpg 800w, https:\/\/lotushotel.vn\/wp-content\/uploads\/2021\/01\/xphong-khach-deluxe-apartment-nhin-cheo-300x200.jpg.pagespeed.ic.4hnODUx70p.webp 300w, https:\/\/lotushotel.vn\/wp-content\/uploads\/2021\/01\/phong-khach-deluxe-apartment-nhin-cheo-768x513.jpg 768w, https:\/\/lotushotel.vn\/wp-content\/uploads\/2021\/01\/phong-khach-deluxe-apartment-nhin-cheo-600x401.jpg 600w\" alt=\"Ph\u00f2ng kh\u00e1ch Deluxe Apartment nh\u00ecn ch\u00e9o\" width=\"800\" height=\"534\" data-pagespeed-url-hash=\"449982651\" \/><\/p>\n<h3 style=\"text-align: center;\"><span style=\"font-size: 80%;\"><em>Deluxe Apartment living room viewed from outside<\/em><\/span><\/h3>\n\t\t<\/div>\n\t\t\t<\/div>\n\n\t\n<\/div>\n\t\t<\/div>\n\n\t\t\n<style>\n#section_587546633 {\n  padding-top: 30px;\n  padding-bottom: 30px;\n}\n<\/style>\n\t<\/section>\n\t\n<span class=\"scroll-to\" data-label=\"Scroll to: #dat-phong\" data-bullet=\"false\" data-link=\"#dat-phong\" data-title=\"#dat-phong\"><a name=\"dat-phong\"><\/a><\/span>\n\t<section class=\"section\" id=\"section_245961834\">\n\t\t<div class=\"bg section-bg fill bg-fill\" >\n\n\t\t\t\n\t\t\t\n\t\t\t\n\n\t\t<\/div>\n\n\t\t<div class=\"section-content relative\">\n\t\t\t\n<div class=\"row\"  id=\"row-1982404318\">\n\n\t<div id=\"col-588483508\" class=\"col small-12 large-12\"  >\n\t\t<div class=\"col-inner\" style=\"background-color:rgba(173, 173, 174, 0.686);\" >\n\t\t\t\n\t\t\t\n\t<div id=\"gap-1240698715\" class=\"gap-element clearfix\" style=\"display:block; height:auto;\">\n\t\t\n<style>\n#gap-1240698715 {\n  padding-top: 30px;\n}\n<\/style>\n\t<\/div>\n\t\n<h2 style=\"text-align: center;\">Book room<\/h2>\n<div class=\"text-center\"><div class=\"is-divider divider clearfix\" ><\/div><\/div>\n<div class=\"row align-center\"  id=\"row-1502935670\">\n\n\t<div id=\"col-82653065\" class=\"col medium-9 small-12 large-9\"  >\n\t\t<div class=\"col-inner\"  >\n\t\t\t\n\t\t\t\n<p class=\"wpcf7-contact-form-not-found\"><strong>Error:<\/strong> Contact form not found.<\/p>\n\t\t<\/div>\n\t\t\t<\/div>\n\n\t\n<\/div>\n\t\t<\/div>\n\t\t\t<\/div>\n\n\t\n<\/div>\n\t\t<\/div>\n\n\t\t\n<style>\n#section_245961834 {\n  padding-top: 30px;\n  padding-bottom: 30px;\n}\n#section_245961834 .section-bg.bg-loaded {\n  background-image: url(https:\/\/lotushotel.vn\/wp-content\/uploads\/2021\/03\/banner-dat-phong-deluxe-apartment.jpg);\n}\n<\/style>\n\t<\/section>","protected":false},"excerpt":{"rendered":"","protected":false},"author":1,"featured_media":0,"parent":0,"menu_order":0,"comment_status":"closed","ping_status":"closed","template":"page-blank.php","meta":{"footnotes":""},"class_list":["post-1135","page","type-page","status-publish","hentry"],"_links":{"self":[{"href":"https:\/\/lotushotel.vn\/en\/wp-json\/wp\/v2\/pages\/1135","targetHints":{"allow":["GET"]}}],"collection":[{"href":"https:\/\/lotushotel.vn\/en\/wp-json\/wp\/v2\/pages"}],"about":[{"href":"https:\/\/lotushotel.vn\/en\/wp-json\/wp\/v2\/types\/page"}],"author":[{"embeddable":true,"href":"https:\/\/lotushotel.vn\/en\/wp-json\/wp\/v2\/users\/1"}],"replies":[{"embeddable":true,"href":"https:\/\/lotushotel.vn\/en\/wp-json\/wp\/v2\/comments?post=1135"}],"version-history":[{"count":5,"href":"https:\/\/lotushotel.vn\/en\/wp-json\/wp\/v2\/pages\/1135\/revisions"}],"predecessor-version":[{"id":1750,"href":"https:\/\/lotushotel.vn\/en\/wp-json\/wp\/v2\/pages\/1135\/revisions\/1750"}],"wp:attachment":[{"href":"https:\/\/lotushotel.vn\/en\/wp-json\/wp\/v2\/media?parent=1135"}],"curies":[{"name":"wp","href":"https:\/\/api.w.org\/{rel}","templated":true}]}}