{"id":1137,"date":"2021-03-01T02:45:51","date_gmt":"2021-02-28T19:45:51","guid":{"rendered":"http:\/\/lotushotel.vn\/?page_id=1137"},"modified":"2021-08-04T06:31:04","modified_gmt":"2021-08-03T23:31:04","slug":"phong-superior-double-4","status":"publish","type":"page","link":"https:\/\/lotushotel.vn\/en\/phong-superior-double-4\/","title":{"rendered":"Superior Double Room"},"content":{"rendered":"<section class=\"section\" id=\"section_1968438715\">\n\t\t<div class=\"bg section-bg fill bg-fill  bg-loaded\" >\n\n\t\t\t\n\t\t\t\n\t\t\t\n\n\t\t<\/div>\n\n\t\t<div class=\"section-content relative\">\n\t\t\t\n<div class=\"slider-wrapper relative\" id=\"slider-1252091164\" >\n    <div class=\"slider slider-nav-circle slider-nav-large slider-nav-light slider-style-normal\"\n        data-flickity-options='{            \"cellAlign\": \"center\",            \"imagesLoaded\": true,            \"lazyLoad\": 1,            \"freeScroll\": false,            \"wrapAround\": true,            \"autoPlay\": 6000,            \"pauseAutoPlayOnHover\" : true,            \"prevNextButtons\": true,            \"contain\" : true,            \"adaptiveHeight\" : true,            \"dragThreshold\" : 10,            \"percentPosition\": true,            \"pageDots\": true,            \"rightToLeft\": false,            \"draggable\": true,            \"selectedAttraction\": 0.1,            \"parallax\" : 0,            \"friction\": 0.6        }'\n        >\n        \n\n  <div class=\"banner has-hover\" id=\"banner-433660018\">\n          <div class=\"banner-inner fill\">\n        <div class=\"banner-bg fill\" >\n            <div class=\"bg fill bg-fill\"><\/div>\n                        <div class=\"overlay\"><\/div>            \n                    <\/div>\n        <div class=\"banner-layers container\">\n            <div class=\"fill banner-link\"><\/div>            \n   <div id=\"text-box-1308117801\" class=\"text-box banner-layer x50 md-x50 lg-x50 y35 md-y35 lg-y35 res-text\">\n                     <div data-animate=\"fadeInLeft\">           <div class=\"text dark\">\n              \n              <div class=\"text-inner text-center\">\n                  \n<h1 class=\"uppercase\"><span style=\"font-size: 80%;\">Superior DOUBLE Room<\/span><\/h1>\n              <\/div>\n           <\/div>\n       <\/div>                     \n<style>\n#text-box-1308117801 {\n  width: 100%;\n}\n#text-box-1308117801 .text {\n  font-size: 100%;\n}\n@media (min-width:550px) {\n  #text-box-1308117801 {\n    width: 60%;\n  }\n}\n<\/style>\n    <\/div>\n \n   <div id=\"text-box-44781029\" class=\"text-box banner-layer x50 md-x50 lg-x50 y55 md-y50 lg-y50 res-text\">\n                     <div data-animate=\"fadeInRight\">           <div class=\"text dark\">\n              \n              <div class=\"text-inner text-center\">\n                  \n<p><span style=\"font-size: 140%;\"><strong>ENJOY SPANNING VIEWS OF THE CITY<\/strong><\/span><\/p>\n              <\/div>\n           <\/div>\n       <\/div>                     \n<style>\n#text-box-44781029 {\n  width: 100%;\n}\n#text-box-44781029 .text {\n  font-size: 100%;\n}\n@media (min-width:550px) {\n  #text-box-44781029 {\n    width: 60%;\n  }\n}\n<\/style>\n    <\/div>\n \n   <div id=\"text-box-1083817878\" class=\"text-box banner-layer x50 md-x50 lg-x50 y65 md-y65 lg-y65 res-text\">\n                     <div data-animate=\"fadeInUp\">           <div class=\"text dark\">\n              \n              <div class=\"text-inner text-center\">\n                  \n<a href=\"#dat-phong\" target=\"_self\" class=\"button white is-outline\"  >\n    <span>BOOK ROOM<\/span>\n  <\/a>\n\n<a href=\"tel:+84902056389\" target=\"_self\" class=\"button white is-outline\"  >\n  <i class=\"icon-phone\" ><\/i>  <span>ADVISE<\/span>\n  <\/a>\n\n              <\/div>\n           <\/div>\n       <\/div>                     \n<style>\n#text-box-1083817878 {\n  width: 60%;\n}\n#text-box-1083817878 .text {\n  font-size: 100%;\n}\n<\/style>\n    <\/div>\n \n        <\/div>\n      <\/div>\n\n            \n<style>\n#banner-433660018 {\n  padding-top: 650px;\n}\n#banner-433660018 .bg.bg-loaded {\n  background-image: url(https:\/\/lotushotel.vn\/wp-content\/uploads\/2021\/03\/banner-phong-superior-double.jpg);\n}\n#banner-433660018 .overlay {\n  background-color: rgba(0, 0, 0, 0.17);\n}\n<\/style>\n  <\/div>\n\n\n     <\/div>\n\n     <div class=\"loading-spin dark large centered\"><\/div>\n\n     <\/div>\n\n\n\t\t<\/div>\n\n\t\t\n<style>\n#section_1968438715 {\n  padding-top: 30px;\n  padding-bottom: 30px;\n}\n<\/style>\n\t<\/section>\n\t\n\t<section class=\"section\" id=\"section_1030080512\">\n\t\t<div class=\"bg section-bg fill bg-fill  bg-loaded\" >\n\n\t\t\t\n\t\t\t\n\t\t\t\n\n\t\t<\/div>\n\n\t\t<div class=\"section-content relative\">\n\t\t\t\n<div class=\"row row-full-width align-middle align-center\"  id=\"row-2036572679\">\n\n\t<div id=\"col-1712947562\" class=\"col medium-5 small-12 large-5\"  >\n\t\t<div class=\"col-inner\"  >\n\t\t\t\n\t\t\t\n\t<div class=\"img has-hover x md-x lg-x y md-y lg-y\" id=\"image_126944955\">\n\t\t\t\t\t\t\t\t<div class=\"img-inner dark\" >\n\t\t\t<img loading=\"lazy\" decoding=\"async\" width=\"510\" height=\"340\" src=\"https:\/\/lotushotel.vn\/wp-content\/uploads\/2021\/03\/thong-tin-phong-superior-double.jpg\" class=\"attachment-original size-original\" alt=\"Th\u00f4ng tin Ph\u00f2ng Superior Double\" srcset=\"https:\/\/lotushotel.vn\/wp-content\/uploads\/2021\/03\/thong-tin-phong-superior-double.jpg 510w, https:\/\/lotushotel.vn\/wp-content\/uploads\/2021\/03\/thong-tin-phong-superior-double-300x200.jpg 300w\" sizes=\"auto, (max-width: 510px) 100vw, 510px\" \/>\t\t\t\t\t\t\n\t\t\t\t\t<\/div>\n\t\t\t\t\t\t\t\t\n<style>\n#image_126944955 {\n  width: 100%;\n}\n<\/style>\n\t<\/div>\n\t\n\t\t<\/div>\n\t\t\t<\/div>\n\n\t\n\n\t<div id=\"col-1226563003\" class=\"col medium-5 small-12 large-5\"  >\n\t\t<div class=\"col-inner\"  >\n\t\t\t\n\t\t\t\n<div class=\"container section-title-container\" ><h2 class=\"section-title section-title-center\"><b><\/b><span class=\"section-title-main\" >Room Overview<\/span><b><\/b><\/h2><\/div>\n<ul>\n<li><span style=\"font-size: 140%; color: #ed1c24;\"><strong>Price: <a href=\"tel:+84902056389\">Contact<\/a><\/strong><\/span><\/li>\n<li>Area: 24 m2<\/li>\n<li>View direction: City<\/li>\n<li>Bed: 01 Queen Bed (1.6 * 2m)<\/li>\n<li>Non-smoking rooms<\/li>\n<li>Danh cho: 2 Ng\u01b0\u1eddi l\u1edbn<\/li>\n<li>Bathroom: Standing shower<\/li>\n<li>Call Hotline now\u00a0<span style=\"color: #ff0000;\"><a style=\"color: #ff0000;\" href=\"tel:+84902056389\"><strong>0902 056 389<\/strong><\/a><\/span> To get the best price<\/li>\n<\/ul>\n<a href=\"#datphong\" target=\"_self\" class=\"button primary is-outline\"  >\n  <i class=\"icon-heart\" ><\/i>  <span>BOOK NOW<\/span>\n  <\/a>\n\n\t\t<\/div>\n\t\t\t<\/div>\n\n\t\n<\/div>\n<div class=\"row\"  id=\"row-489809977\">\n\n\t<div id=\"col-492404642\" class=\"col small-12 large-12\"  >\n\t\t<div class=\"col-inner\"  >\n\t\t\t\n\t\t\t\n<p>Superior Double Room is modernly designed with luxurious interior and full amenities to bring the most comfort and convenience to you.<\/p>\n<p><img loading=\"lazy\" decoding=\"async\" class=\"aligncenter wp-image-247 size-full\" src=\"http:\/\/lotushotel.vn\/wp-content\/uploads\/2021\/01\/phong-superior-double-nhin-tu-giuong.jpg\" alt=\"Ph\u00f2ng Superior Double nh\u00ecn t\u1eeb gi\u01b0\u1eddng\" width=\"800\" height=\"534\" data-pagespeed-url-hash=\"3154260322\" srcset=\"https:\/\/lotushotel.vn\/wp-content\/uploads\/2021\/01\/phong-superior-double-nhin-tu-giuong.jpg 800w, https:\/\/lotushotel.vn\/wp-content\/uploads\/2021\/01\/phong-superior-double-nhin-tu-giuong-510x340.jpg 510w, https:\/\/lotushotel.vn\/wp-content\/uploads\/2021\/01\/phong-superior-double-nhin-tu-giuong-300x200.jpg 300w, https:\/\/lotushotel.vn\/wp-content\/uploads\/2021\/01\/phong-superior-double-nhin-tu-giuong-768x513.jpg 768w, https:\/\/lotushotel.vn\/wp-content\/uploads\/2021\/01\/phong-superior-double-nhin-tu-giuong-600x401.jpg 600w\" sizes=\"auto, (max-width: 800px) 100vw, 800px\" \/><\/p>\n<h3 style=\"text-align: center;\"><span style=\"font-size: 80%;\"><em>Superior Double room viewed from the bed<\/em><\/span><\/h3>\n<h2>Highlights of the Superior Double room<\/h2>\n<ul>\n<li>There are large windows<\/li>\n<li>Has a modern design and luxurious space<\/li>\n<\/ul>\n<p><img loading=\"lazy\" decoding=\"async\" class=\"aligncenter wp-image-246 size-full\" src=\"http:\/\/lotushotel.vn\/wp-content\/uploads\/2021\/01\/phong-superior-double-nhin-cheo.jpg\" alt=\"Ph\u00f2ng Superior Double nh\u00ecn ch\u00e9o\" width=\"800\" height=\"534\" data-pagespeed-url-hash=\"1134089680\" srcset=\"https:\/\/lotushotel.vn\/wp-content\/uploads\/2021\/01\/phong-superior-double-nhin-cheo.jpg 800w, https:\/\/lotushotel.vn\/wp-content\/uploads\/2021\/01\/phong-superior-double-nhin-cheo-510x340.jpg 510w, https:\/\/lotushotel.vn\/wp-content\/uploads\/2021\/01\/phong-superior-double-nhin-cheo-300x200.jpg 300w, https:\/\/lotushotel.vn\/wp-content\/uploads\/2021\/01\/phong-superior-double-nhin-cheo-768x513.jpg 768w, https:\/\/lotushotel.vn\/wp-content\/uploads\/2021\/01\/phong-superior-double-nhin-cheo-600x401.jpg 600w\" sizes=\"auto, (max-width: 800px) 100vw, 800px\" \/><\/p>\n<h3 style=\"text-align: center;\"><span style=\"font-size: 80%;\"><em>Superior Double room viewed from the bed<\/em><\/span><\/h3>\n<h2>Technology of Superior Double room<\/h2>\n<ul>\n<li>Smart TV 45 inches<\/li>\n<li>Free internet and wifi access<\/li>\n<li>Refrigerator and Minibar<\/li>\n<li>Electronic safe<\/li>\n<li>2-way inverter air conditioner<\/li>\n<li>Fresh air supply system<\/li>\n<li>Automatic fire alarm system<\/li>\n<\/ul>\n<p><img loading=\"lazy\" decoding=\"async\" class=\"aligncenter wp-image-245 size-full\" src=\"http:\/\/lotushotel.vn\/wp-content\/uploads\/2021\/01\/phong-superior-double.jpg\" sizes=\"auto, (max-width: 800px) 100vw, 800px\" srcset=\"https:\/\/lotushotel.vn\/wp-content\/uploads\/2021\/01\/phong-superior-double.jpg 800w, https:\/\/lotushotel.vn\/wp-content\/uploads\/2021\/01\/xphong-superior-double-300x200.jpg.pagespeed.ic.aonQvymTL2.webp 300w, https:\/\/lotushotel.vn\/wp-content\/uploads\/2021\/01\/phong-superior-double-768x513.jpg 768w, https:\/\/lotushotel.vn\/wp-content\/uploads\/2021\/01\/phong-superior-double-600x401.jpg 600w\" alt=\"Ph\u00f2ng ng\u1ee7 Superior Double\" width=\"800\" height=\"534\" data-pagespeed-url-hash=\"1988385404\" \/><\/p>\n<h3 style=\"text-align: center;\"><span style=\"font-size: 80%;\"><em>Superior Double Room<\/em><\/span><\/h3>\n<h2>Superior Double Bed &amp; Bath<\/h2>\n<ul>\n<li>1 Queen bed (1.6*2m)<\/li>\n<li>Lamp<\/li>\n<li>Shower room<\/li>\n<li>Bathrobe<\/li>\n<li>Wardrobe<\/li>\n<li>Iron and ironing board<\/li>\n<li>Hairdryer<\/li>\n<li>Shaver socket (220 V)<\/li>\n<li>Luxury toiletries<\/li>\n<li>Make-up mirror<\/li>\n<\/ul>\n<p><img loading=\"lazy\" decoding=\"async\" class=\"aligncenter wp-image-248 size-full\" src=\"http:\/\/lotushotel.vn\/wp-content\/uploads\/2021\/01\/phong-tam-superior-double.jpg\" sizes=\"auto, (max-width: 800px) 100vw, 800px\" srcset=\"https:\/\/lotushotel.vn\/wp-content\/uploads\/2021\/01\/phong-tam-superior-double.jpg 800w, https:\/\/lotushotel.vn\/wp-content\/uploads\/2021\/01\/xphong-tam-superior-double-300x200.jpg.pagespeed.ic.2IYQt0oKJp.webp 300w, https:\/\/lotushotel.vn\/wp-content\/uploads\/2021\/01\/phong-tam-superior-double-768x513.jpg 768w, https:\/\/lotushotel.vn\/wp-content\/uploads\/2021\/01\/phong-tam-superior-double-600x401.jpg 600w\" alt=\"Ph\u00f2ng t\u1eafm Superior Double\" width=\"800\" height=\"534\" data-pagespeed-url-hash=\"3385337759\" \/><\/p>\n<h3 style=\"text-align: center;\"><span style=\"font-size: 80%;\"><em>Superior Double Room<\/em><\/span><\/h3>\n<h2>Included services of Superior Double room<\/h2>\n<ul>\n<li>Welcome drink and wet towel<\/li>\n<li>Coffee table and chairs<\/li>\n<li>Tea bags, brewed coffee, sugar, Aquafina water<\/li>\n<li>Free buffet breakfast<\/li>\n<li>Daily housekeeping service<\/li>\n<li>Free use of the Gym (open 24\/7)<\/li>\n<\/ul>\n\t\t<\/div>\n\t\t\t<\/div>\n\n\t\n<\/div>\n\t\t<\/div>\n\n\t\t\n<style>\n#section_1030080512 {\n  padding-top: 30px;\n  padding-bottom: 30px;\n}\n<\/style>\n\t<\/section>\n\t\n<span class=\"scroll-to\" data-label=\"Scroll to: #dat-phong\" data-bullet=\"false\" data-link=\"#dat-phong\" data-title=\"#dat-phong\"><a name=\"dat-phong\"><\/a><\/span>\n\t<section class=\"section\" id=\"section_995478558\">\n\t\t<div class=\"bg section-bg fill bg-fill\" >\n\n\t\t\t\n\t\t\t\n\t\t\t\n\n\t\t<\/div>\n\n\t\t<div class=\"section-content relative\">\n\t\t\t\n<div class=\"row\"  id=\"row-338070685\">\n\n\t<div id=\"col-527207134\" class=\"col small-12 large-12\"  >\n\t\t<div class=\"col-inner\" style=\"background-color:rgba(173, 173, 174, 0.686);\" >\n\t\t\t\n\t\t\t\n\t<div id=\"gap-750711261\" class=\"gap-element clearfix\" style=\"display:block; height:auto;\">\n\t\t\n<style>\n#gap-750711261 {\n  padding-top: 30px;\n}\n<\/style>\n\t<\/div>\n\t\n<h2 style=\"text-align: center;\">Book room<\/h2>\n<div class=\"is-divider divider clearfix\" ><\/div>\n<div class=\"row align-center\"  id=\"row-799051073\">\n\n\t<div id=\"col-1141341538\" class=\"col medium-9 small-12 large-9\"  >\n\t\t<div class=\"col-inner\"  >\n\t\t\t\n\t\t\t\n<p class=\"wpcf7-contact-form-not-found\"><strong>Error:<\/strong> Contact form not found.<\/p>\n\t\t<\/div>\n\t\t\t<\/div>\n\n\t\n<\/div>\n\t\t<\/div>\n\t\t\t<\/div>\n\n\t\n<\/div>\n\t\t<\/div>\n\n\t\t\n<style>\n#section_995478558 {\n  padding-top: 30px;\n  padding-bottom: 30px;\n}\n#section_995478558 .section-bg.bg-loaded {\n  background-image: url(https:\/\/lotushotel.vn\/wp-content\/uploads\/2021\/03\/banner-dat-phong-superior-double.jpg);\n}\n<\/style>\n\t<\/section>","protected":false},"excerpt":{"rendered":"","protected":false},"author":1,"featured_media":0,"parent":0,"menu_order":0,"comment_status":"closed","ping_status":"closed","template":"page-blank.php","meta":{"footnotes":""},"class_list":["post-1137","page","type-page","status-publish","hentry"],"_links":{"self":[{"href":"https:\/\/lotushotel.vn\/en\/wp-json\/wp\/v2\/pages\/1137","targetHints":{"allow":["GET"]}}],"collection":[{"href":"https:\/\/lotushotel.vn\/en\/wp-json\/wp\/v2\/pages"}],"about":[{"href":"https:\/\/lotushotel.vn\/en\/wp-json\/wp\/v2\/types\/page"}],"author":[{"embeddable":true,"href":"https:\/\/lotushotel.vn\/en\/wp-json\/wp\/v2\/users\/1"}],"replies":[{"embeddable":true,"href":"https:\/\/lotushotel.vn\/en\/wp-json\/wp\/v2\/comments?post=1137"}],"version-history":[{"count":4,"href":"https:\/\/lotushotel.vn\/en\/wp-json\/wp\/v2\/pages\/1137\/revisions"}],"predecessor-version":[{"id":1635,"href":"https:\/\/lotushotel.vn\/en\/wp-json\/wp\/v2\/pages\/1137\/revisions\/1635"}],"wp:attachment":[{"href":"https:\/\/lotushotel.vn\/en\/wp-json\/wp\/v2\/media?parent=1137"}],"curies":[{"name":"wp","href":"https:\/\/api.w.org\/{rel}","templated":true}]}}