{"id":1464,"date":"2021-03-24T05:03:52","date_gmt":"2021-03-23T22:03:52","guid":{"rendered":"https:\/\/lotushotel.vn\/?page_id=1464"},"modified":"2021-03-27T01:50:41","modified_gmt":"2021-03-26T18:50:41","slug":"dich-vu","status":"publish","type":"page","link":"https:\/\/lotushotel.vn\/en\/dich-vu\/","title":{"rendered":"SERVICE"},"content":{"rendered":"<div class=\"slider-wrapper relative\" id=\"slider-1488587393\" >\n    <div class=\"slider slider-nav-circle slider-nav-large slider-nav-light slider-style-normal\"\n        data-flickity-options='{            \"cellAlign\": \"center\",            \"imagesLoaded\": true,            \"lazyLoad\": 1,            \"freeScroll\": false,            \"wrapAround\": true,            \"autoPlay\": 6000,            \"pauseAutoPlayOnHover\" : true,            \"prevNextButtons\": true,            \"contain\" : true,            \"adaptiveHeight\" : true,            \"dragThreshold\" : 10,            \"percentPosition\": true,            \"pageDots\": true,            \"rightToLeft\": false,            \"draggable\": true,            \"selectedAttraction\": 0.1,            \"parallax\" : 0,            \"friction\": 0.6        }'\n        >\n        \n\n  <div class=\"banner has-hover\" id=\"banner-228607672\">\n          <div class=\"banner-inner fill\">\n        <div class=\"banner-bg fill\" >\n            <div class=\"bg fill bg-fill\"><\/div>\n                                    \n                    <\/div>\n        <div class=\"banner-layers container\">\n            <div class=\"fill banner-link\"><\/div>            \n   <div id=\"text-box-1716817692\" class=\"text-box banner-layer x50 md-x50 lg-x50 y50 md-y50 lg-y50 res-text\">\n                                <div class=\"text dark\">\n              \n              <div class=\"text-inner text-center\">\n                  \n<h2 class=\"uppercase\">cho thu\u00ea ph\u00f2ng h\u1ecdp<\/h2>\n<a href=\"https:\/\/lotushotel.vn\/en\/dich-vu-cho-thue-phong-hop\/\" target=\"_self\" class=\"button white is-outline\"  >\n  <i class=\"icon-expand\" ><\/i>  <span>MORE<\/span>\n  <\/a>\n\n              <\/div>\n           <\/div>\n                            \n<style>\n#text-box-1716817692 {\n  width: 60%;\n}\n#text-box-1716817692 .text {\n  font-size: 100%;\n}\n<\/style>\n    <\/div>\n \n        <\/div>\n      <\/div>\n\n            \n<style>\n#banner-228607672 {\n  padding-top: 650px;\n}\n#banner-228607672 .bg.bg-loaded {\n  background-image: url(https:\/\/lotushotel.vn\/wp-content\/uploads\/2021\/03\/banner-slide-dich-vu-1.jpg);\n}\n<\/style>\n  <\/div>\n\n\n\n  <div class=\"banner has-hover\" id=\"banner-1904695894\">\n          <div class=\"banner-inner fill\">\n        <div class=\"banner-bg fill\" >\n            <div class=\"bg fill bg-fill\"><\/div>\n                                    \n                    <\/div>\n        <div class=\"banner-layers container\">\n            <div class=\"fill banner-link\"><\/div>            \n   <div id=\"text-box-1542062590\" class=\"text-box banner-layer x50 md-x50 lg-x50 y50 md-y50 lg-y50 res-text\">\n                                <div class=\"text dark\">\n              \n              <div class=\"text-inner text-center\">\n                  \n<h2 class=\"uppercase\">EVENT ORGANIZATION<\/h2>\n<a href=\"https:\/\/lotushotel.vn\/en\/dich-vu-cho-thue-phong-hop\/\" target=\"_self\" class=\"button white is-outline\"  >\n  <i class=\"icon-expand\" ><\/i>  <span>MORE<\/span>\n  <\/a>\n\n              <\/div>\n           <\/div>\n                            \n<style>\n#text-box-1542062590 {\n  width: 60%;\n}\n#text-box-1542062590 .text {\n  font-size: 100%;\n}\n<\/style>\n    <\/div>\n \n        <\/div>\n      <\/div>\n\n            \n<style>\n#banner-1904695894 {\n  padding-top: 650px;\n}\n#banner-1904695894 .bg.bg-loaded {\n  background-image: url(https:\/\/lotushotel.vn\/wp-content\/uploads\/2021\/03\/banner-slide-dich-vu-2.jpg);\n}\n<\/style>\n  <\/div>\n\n\n\n  <div class=\"banner has-hover\" id=\"banner-1927197574\">\n          <div class=\"banner-inner fill\">\n        <div class=\"banner-bg fill\" >\n            <div class=\"bg fill bg-fill\"><\/div>\n                                    \n                    <\/div>\n        <div class=\"banner-layers container\">\n            <div class=\"fill banner-link\"><\/div>            \n   <div id=\"text-box-222428097\" class=\"text-box banner-layer x50 md-x50 lg-x50 y50 md-y50 lg-y50 res-text\">\n                                <div class=\"text dark\">\n              \n              <div class=\"text-inner text-center\">\n                  \n<h2 class=\"uppercase\">nh\u00e0 h\u00e0ng \u0103n u\u1ed1ng<\/h2>\n<a href=\"https:\/\/lotushotel.vn\/en\/dich-vu-nha-hang-an-uong\/\" target=\"_self\" class=\"button white is-outline\"  >\n  <i class=\"icon-expand\" ><\/i>  <span>MORE<\/span>\n  <\/a>\n\n              <\/div>\n           <\/div>\n                            \n<style>\n#text-box-222428097 {\n  width: 60%;\n}\n#text-box-222428097 .text {\n  font-size: 100%;\n}\n<\/style>\n    <\/div>\n \n        <\/div>\n      <\/div>\n\n            \n<style>\n#banner-1927197574 {\n  padding-top: 650px;\n}\n#banner-1927197574 .bg.bg-loaded {\n  background-image: url(https:\/\/lotushotel.vn\/wp-content\/uploads\/2021\/03\/banner-slide-dich-vu-3.jpg);\n}\n<\/style>\n  <\/div>\n\n\n     <\/div>\n\n     <div class=\"loading-spin dark large centered\"><\/div>\n\n     <\/div>","protected":false},"excerpt":{"rendered":"","protected":false},"author":1,"featured_media":0,"parent":0,"menu_order":0,"comment_status":"closed","ping_status":"closed","template":"page-blank.php","meta":{"footnotes":""},"class_list":["post-1464","page","type-page","status-publish","hentry"],"_links":{"self":[{"href":"https:\/\/lotushotel.vn\/en\/wp-json\/wp\/v2\/pages\/1464","targetHints":{"allow":["GET"]}}],"collection":[{"href":"https:\/\/lotushotel.vn\/en\/wp-json\/wp\/v2\/pages"}],"about":[{"href":"https:\/\/lotushotel.vn\/en\/wp-json\/wp\/v2\/types\/page"}],"author":[{"embeddable":true,"href":"https:\/\/lotushotel.vn\/en\/wp-json\/wp\/v2\/users\/1"}],"replies":[{"embeddable":true,"href":"https:\/\/lotushotel.vn\/en\/wp-json\/wp\/v2\/comments?post=1464"}],"version-history":[{"count":8,"href":"https:\/\/lotushotel.vn\/en\/wp-json\/wp\/v2\/pages\/1464\/revisions"}],"predecessor-version":[{"id":1502,"href":"https:\/\/lotushotel.vn\/en\/wp-json\/wp\/v2\/pages\/1464\/revisions\/1502"}],"wp:attachment":[{"href":"https:\/\/lotushotel.vn\/en\/wp-json\/wp\/v2\/media?parent=1464"}],"curies":[{"name":"wp","href":"https:\/\/api.w.org\/{rel}","templated":true}]}}